{"id":398,"date":"2023-11-04T12:34:24","date_gmt":"2023-11-04T12:34:24","guid":{"rendered":"https:\/\/www.mdvisions.net\/blog\/?page_id=398"},"modified":"2024-02-25T18:57:43","modified_gmt":"2024-02-25T18:57:43","slug":"prestashop","status":"publish","type":"page","link":"https:\/\/www.mdvisions.net\/blog\/prestashop\/","title":{"rendered":"Prestashop"},"content":{"rendered":"\n<div class=\"wp-block-group has-global-padding is-layout-constrained wp-container-core-group-is-layout-0c4d3cab wp-block-group-is-layout-constrained\" style=\"padding-top:5%;padding-right:1%;padding-bottom:1%;padding-left:1%\">\n<div class=\"wp-block-columns is-layout-flex wp-container-core-columns-is-layout-28f84493 wp-block-columns-is-layout-flex\">\n<div class=\"wp-block-column fourcol is-layout-flow wp-block-column-is-layout-flow\">\n<figure class=\"wp-block-image aligncenter size-full\"><img loading=\"lazy\" decoding=\"async\" width=\"150\" height=\"150\" src=\"https:\/\/www.mdvisions.net\/blog\/wp-content\/uploads\/2023\/11\/joomlamd.jpg\" alt=\"\" class=\"wp-image-316\"\/><\/figure>\n\n\n\n<h2 class=\"wp-block-heading has-text-align-center has-custom-md-plava-color has-text-color has-montserrat-font-family\"><strong>JOOMLA !<\/strong><\/h2>\n\n\n\n<p class=\"has-text-align-center toptxta\">Joomla, CMS &#8211; Content Menagment System (u slobodnom prevodu &#8211; sistem za upravljanje sadr\u017eajima ) je sigurno jednan od najpoznatijih open sourse aplkacija . Veliki broj nagrada i priznanja potvr\u0111uje visok kvalitet i pouzdanost ovog sistema.Joomla je aplikacija napisana \u2026<\/p>\n\n\n\n<p class=\"has-text-align-center det\"><a href=\"https:\/\/www.mdvisions.net\/blog\/joomla\/#joomla\">DETALJNIJE &#8230;<\/a><\/p>\n<\/div>\n\n\n\n<div class=\"wp-block-column fourcol is-layout-flow wp-block-column-is-layout-flow\">\n<figure class=\"wp-block-image aligncenter size-full\"><img loading=\"lazy\" decoding=\"async\" width=\"150\" height=\"150\" src=\"https:\/\/www.mdvisions.net\/blog\/wp-content\/uploads\/2023\/11\/werp.jpg\" alt=\"\" class=\"wp-image-329\"\/><\/figure>\n\n\n\n<h2 class=\"wp-block-heading has-text-align-center has-custom-md-plava-color has-text-color has-montserrat-font-family\"><strong>WordPress<\/strong><\/h2>\n\n\n\n<p class=\"has-text-align-center toptxta\">WordPress, je platforma koja se naj\u010de\u0161ce koristila za izradu blogova, ali u poslednje vreme sve \u010de\u0161\u0107e se susre\u0107emo sa WordPress \u2013om kao kompletnim open source CMS- Content Menagment System . Nastao je 2003. godine i ubrzo je postao najpopularniji blogging tool, vremenom ova zajednica se pro\u0161irivala \u2026.<\/p>\n\n\n\n<p class=\"has-text-align-center det\"><a href=\"https:\/\/www.mdvisions.net\/blog\/wordpress\/#wordpress\">DETALJNIJE &#8230;<\/a><\/p>\n<\/div>\n\n\n\n<div class=\"wp-block-column fourcol is-layout-flow wp-block-column-is-layout-flow\">\n<figure class=\"wp-block-image aligncenter size-full\"><img loading=\"lazy\" decoding=\"async\" width=\"150\" height=\"150\" src=\"https:\/\/www.mdvisions.net\/blog\/wp-content\/uploads\/2023\/11\/drupal.jpg\" alt=\"\" class=\"wp-image-330\"\/><\/figure>\n\n\n\n<h2 class=\"wp-block-heading has-text-align-center has-custom-md-plava-color has-text-color has-montserrat-font-family\"><strong>Drupal<\/strong><\/h2>\n\n\n\n<p class=\"has-text-align-center toptxta\">Drupal je open source CMS koji omogu\u0107ava brzo i jednostavno organizovanje i upravljanje sadr\u017eajima sa velikim mogu\u0107nostima pro\u0161irivanja i nadogradnje. Durpal se naj\u010de\u0111\u0107e koristi za izradu velikih i kompleksnih web site-ova . Durpal je besplatni softverski paket i za njegovu&nbsp; \u2026<\/p>\n\n\n\n<p class=\"has-text-align-center det\"><a href=\"https:\/\/www.mdvisions.net\/blog\/drupal\/#drupal\">DETALJNIJE &#8230;<\/a><\/p>\n<\/div>\n\n\n\n<div class=\"wp-block-column fourcol is-layout-flow wp-block-column-is-layout-flow\">\n<figure class=\"wp-block-image aligncenter size-full\"><img loading=\"lazy\" decoding=\"async\" width=\"150\" height=\"150\" src=\"https:\/\/www.mdvisions.net\/blog\/wp-content\/uploads\/2023\/11\/PS.jpg\" alt=\"\" class=\"wp-image-331\"\/><\/figure>\n\n\n\n<h2 class=\"wp-block-heading has-text-align-center has-custom-md-plava-color has-text-color has-montserrat-font-family\"><strong>PrestaShop<\/strong><\/h2>\n\n\n\n<p class=\"has-text-align-center toptxta\">PrestaShop je E-commerce platforma za razvoj internet prodavnice. PrestaShop je osnovan 2007. godine i trenutno postoji vi\u0161e od 250 000 internet prodavnica baziranih na ovoj platformi u svetu. Milioni programera \u0161irom sveta rade na razvoju i unapre\u0111enju ove platforme \u2026<\/p>\n\n\n\n<p class=\"has-text-align-center det\"><a href=\"https:\/\/www.mdvisions.net\/blog\/prestashop\/#prestashop\">DETALJNIJE &#8230;<\/a><\/p>\n<\/div>\n<\/div>\n<\/div>\n\n\n\n<div class=\"wp-block-group has-global-padding is-layout-constrained wp-container-core-group-is-layout-db1f1ba8 wp-block-group-is-layout-constrained\" style=\"margin-top:50px;margin-bottom:50px;padding-top:20px;padding-right:20px;padding-bottom:20px;padding-left:20px\">\n<div class=\"wp-block-columns is-layout-flex wp-container-core-columns-is-layout-28f84493 wp-block-columns-is-layout-flex\">\n<div class=\"wp-block-column is-layout-flow wp-block-column-is-layout-flow\">\n<figure class=\"wp-block-image alignleft size-full imga\" id=\"prestashop\"><img loading=\"lazy\" decoding=\"async\" width=\"400\" height=\"340\" src=\"https:\/\/www.mdvisions.net\/blog\/wp-content\/uploads\/2023\/11\/prestashop-cms-md.jpg\" alt=\"\" class=\"wp-image-447\" srcset=\"https:\/\/www.mdvisions.net\/blog\/wp-content\/uploads\/2023\/11\/prestashop-cms-md.jpg 400w, https:\/\/www.mdvisions.net\/blog\/wp-content\/uploads\/2023\/11\/prestashop-cms-md-300x255.jpg 300w\" sizes=\"auto, (max-width: 400px) 100vw, 400px\" \/><\/figure>\n\n\n\n<h1 class=\"wp-block-heading has-custom-md-plava-color has-text-color\" id=\"ps\"><strong>PrestaShop E-commerce solution <\/strong>&nbsp;<\/h1>\n\n\n\n<p>PrestaShop je E-commerce platforma za razvoj internet prodavnice. PrestaShop je osnovan 2007. godine i trenutno postoji vi\u0161e od 250 000 internet prodavnica baziranih na ovoj platformi u svetu. Milioni programera \u0161irom sveta rade na razvoju i unapre\u0111enju ove platforme . O velikoj popularnosti PrestaShop-a govori i to da se koristi u vi\u0161e od 200 zemalja sirom sveta i preveden je na 65 jezika.<br>Dobro ogranizovan sistem za upravljenje ovom platformom olak\u0161ava rad korisnicima i omogu\u0107ava im brz i jednostavan uvid u sve va\u017ene parametre za online prodaju. Aplikacija PrestaShop poseduje i sna\u017ene SEO karekteristike zbog kojih se solidno pozicionira na pretra\u017eiva\u010dima. Pored PrestaShop-a na tr\u017ei\u0161tu postoje i druge CMS platforme od kojih su se najbolje pokazale : ZenCart, OsCommerce, AlegroCart , OsCmax , Drupal Commerce AFCommerce ,TomatoCart, Shoop \u2026<\/p>\n<\/div>\n<\/div>\n<\/div>\n\n\n\n<div class=\"wp-block-group has-global-padding is-layout-constrained wp-container-core-group-is-layout-c614757f wp-block-group-is-layout-constrained\" style=\"margin-top:70px;margin-bottom:30px;padding-top:20px;padding-right:20px;padding-bottom:20px;padding-left:20px\">\n<div class=\"wp-block-columns is-layout-flex wp-container-core-columns-is-layout-28f84493 wp-block-columns-is-layout-flex\">\n<div class=\"wp-block-column is-layout-flow wp-block-column-is-layout-flow\">\n<h3 class=\"wp-block-heading has-text-align-center\">WEB DIZAJN &#8211; IZRADA WEB SAJTA<\/h3>\n\n\n\n<p>Osnovna delatnost kojom se bavi Dejan Mitrovi\u0107 zasniva se na povezivanju klijenata sa njegovim potencijalnim ciljnim grupama, putem razli\u010ditih oblika vizuelne komunikacije. Pristup svakom klijentu je individualan, a svakom projektu promi\u0161ljen i logi\u010dan.<\/p>\n\n\n\n<p>Dejan Mitrovi\u0107 dizajn ne shvata kao dekorisanje i ulep\u0161avanje ve\u0107 kao jedan od klju\u010dnih elemenata u realizovanju poslovne strategije. Da bi prona\u0161li najbolja re\u0161enja potrebno je uspostaviti partnerske odnose sa klijentom zasnovane na poverenju i upoznati klijenta sa svim fazama izrade projekta. U okviru korisni\u010dkog servisa klijent mo\u017ee u realnom vremenu da prati izradu svog projekta.<\/p>\n<\/div>\n\n\n\n<div class=\"wp-block-column is-layout-flow wp-block-column-is-layout-flow\">\n<h3 class=\"wp-block-heading has-text-align-center\">STRUKTURA WEB SAJTA<\/h3>\n\n\n\n<figure class=\"wp-block-image aligncenter size-full\"><img loading=\"lazy\" decoding=\"async\" width=\"450\" height=\"251\" src=\"https:\/\/www.mdvisions.net\/blog\/wp-content\/uploads\/2023\/11\/izrada-web-sajtova01cms.jpg\" alt=\"\" class=\"wp-image-339\" srcset=\"https:\/\/www.mdvisions.net\/blog\/wp-content\/uploads\/2023\/11\/izrada-web-sajtova01cms.jpg 450w, https:\/\/www.mdvisions.net\/blog\/wp-content\/uploads\/2023\/11\/izrada-web-sajtova01cms-300x167.jpg 300w\" sizes=\"auto, (max-width: 450px) 100vw, 450px\" \/><\/figure>\n<\/div>\n<\/div>\n<\/div>\n","protected":false},"excerpt":{"rendered":"<p>JOOMLA ! Joomla, CMS &#8211; Content Menagment System (u slobodnom prevodu &#8211; sistem za upravljanje sadr\u017eajima ) je sigurno jednan od najpoznatijih open sourse aplkacija . Veliki broj nagrada i priznanja potvr\u0111uje visok kvalitet i pouzdanost ovog sistema.Joomla je aplikacija napisana \u2026 DETALJNIJE &#8230; WordPress WordPress, je platforma koja se naj\u010de\u0161ce koristila za izradu blogova, [&hellip;]<\/p>\n","protected":false},"author":1,"featured_media":0,"parent":0,"menu_order":0,"comment_status":"closed","ping_status":"closed","template":"","meta":{"footnotes":""},"class_list":["post-398","page","type-page","status-publish","hentry"],"yoast_head":"<!-- This site is optimized with the Yoast SEO plugin v27.4 - https:\/\/yoast.com\/product\/yoast-seo-wordpress\/ -->\n<title>Prestashop | MD Visions Izrada web sajtova<\/title>\n<meta name=\"description\" content=\"PrestaShop je E-commerce platforma za razvoj internet prodavnice. PrestaShop je osnovan 2007. godine i trenutno postoji vi\u0161e od ...\" \/>\n<meta name=\"robots\" content=\"index, follow, max-snippet:-1, max-image-preview:large, max-video-preview:-1\" \/>\n<link rel=\"canonical\" href=\"https:\/\/www.mdvisions.net\/blog\/prestashop\/\" \/>\n<meta property=\"og:locale\" content=\"en_US\" \/>\n<meta property=\"og:type\" content=\"article\" \/>\n<meta property=\"og:title\" content=\"Prestashop | MD Visions Izrada web sajtova\" \/>\n<meta property=\"og:description\" content=\"PrestaShop je E-commerce platforma za razvoj internet prodavnice. PrestaShop je osnovan 2007. godine i trenutno postoji vi\u0161e od ...\" \/>\n<meta property=\"og:url\" content=\"https:\/\/www.mdvisions.net\/blog\/prestashop\/\" \/>\n<meta property=\"og:site_name\" content=\"MD Visions Izrada web sajtova\" \/>\n<meta property=\"article:publisher\" content=\"https:\/\/www.facebook.com\/mdvisions\" \/>\n<meta property=\"article:modified_time\" content=\"2024-02-25T18:57:43+00:00\" \/>\n<meta property=\"og:image\" content=\"https:\/\/www.mdvisions.net\/blog\/wp-content\/uploads\/2023\/11\/joomlamd.jpg\" \/>\n<meta name=\"twitter:card\" content=\"summary_large_image\" \/>\n<meta name=\"twitter:site\" content=\"@web_programer\" \/>\n<script type=\"application\/ld+json\" class=\"yoast-schema-graph\">{\"@context\":\"https:\\\/\\\/schema.org\",\"@graph\":[{\"@type\":\"WebPage\",\"@id\":\"https:\\\/\\\/www.mdvisions.net\\\/blog\\\/prestashop\\\/\",\"url\":\"https:\\\/\\\/www.mdvisions.net\\\/blog\\\/prestashop\\\/\",\"name\":\"Prestashop | MD Visions Izrada web sajtova\",\"isPartOf\":{\"@id\":\"https:\\\/\\\/www.mdvisions.net\\\/blog\\\/#website\"},\"primaryImageOfPage\":{\"@id\":\"https:\\\/\\\/www.mdvisions.net\\\/blog\\\/prestashop\\\/#primaryimage\"},\"image\":{\"@id\":\"https:\\\/\\\/www.mdvisions.net\\\/blog\\\/prestashop\\\/#primaryimage\"},\"thumbnailUrl\":\"https:\\\/\\\/www.mdvisions.net\\\/blog\\\/wp-content\\\/uploads\\\/2023\\\/11\\\/joomlamd.jpg\",\"datePublished\":\"2023-11-04T12:34:24+00:00\",\"dateModified\":\"2024-02-25T18:57:43+00:00\",\"description\":\"PrestaShop je E-commerce platforma za razvoj internet prodavnice. PrestaShop je osnovan 2007. godine i trenutno postoji vi\u0161e od ...\",\"breadcrumb\":{\"@id\":\"https:\\\/\\\/www.mdvisions.net\\\/blog\\\/prestashop\\\/#breadcrumb\"},\"inLanguage\":\"en-US\",\"potentialAction\":[{\"@type\":\"ReadAction\",\"target\":[\"https:\\\/\\\/www.mdvisions.net\\\/blog\\\/prestashop\\\/\"]}]},{\"@type\":\"ImageObject\",\"inLanguage\":\"en-US\",\"@id\":\"https:\\\/\\\/www.mdvisions.net\\\/blog\\\/prestashop\\\/#primaryimage\",\"url\":\"https:\\\/\\\/www.mdvisions.net\\\/blog\\\/wp-content\\\/uploads\\\/2023\\\/11\\\/joomlamd.jpg\",\"contentUrl\":\"https:\\\/\\\/www.mdvisions.net\\\/blog\\\/wp-content\\\/uploads\\\/2023\\\/11\\\/joomlamd.jpg\",\"width\":150,\"height\":150,\"caption\":\"joomla\"},{\"@type\":\"BreadcrumbList\",\"@id\":\"https:\\\/\\\/www.mdvisions.net\\\/blog\\\/prestashop\\\/#breadcrumb\",\"itemListElement\":[{\"@type\":\"ListItem\",\"position\":1,\"name\":\"Home\",\"item\":\"https:\\\/\\\/www.mdvisions.net\\\/blog\\\/\"},{\"@type\":\"ListItem\",\"position\":2,\"name\":\"Prestashop\"}]},{\"@type\":\"WebSite\",\"@id\":\"https:\\\/\\\/www.mdvisions.net\\\/blog\\\/#website\",\"url\":\"https:\\\/\\\/www.mdvisions.net\\\/blog\\\/\",\"name\":\"MD Visions Izrada web sajtova\",\"description\":\"Izrada web sajtova\",\"publisher\":{\"@id\":\"https:\\\/\\\/www.mdvisions.net\\\/blog\\\/#organization\"},\"alternateName\":\"Izrada web sajtova\",\"potentialAction\":[{\"@type\":\"SearchAction\",\"target\":{\"@type\":\"EntryPoint\",\"urlTemplate\":\"https:\\\/\\\/www.mdvisions.net\\\/blog\\\/?s={search_term_string}\"},\"query-input\":{\"@type\":\"PropertyValueSpecification\",\"valueRequired\":true,\"valueName\":\"search_term_string\"}}],\"inLanguage\":\"en-US\"},{\"@type\":\"Organization\",\"@id\":\"https:\\\/\\\/www.mdvisions.net\\\/blog\\\/#organization\",\"name\":\"MD Visions\",\"alternateName\":\"Izrada web sajta\",\"url\":\"https:\\\/\\\/www.mdvisions.net\\\/blog\\\/\",\"logo\":{\"@type\":\"ImageObject\",\"inLanguage\":\"en-US\",\"@id\":\"https:\\\/\\\/www.mdvisions.net\\\/blog\\\/#\\\/schema\\\/logo\\\/image\\\/\",\"url\":\"https:\\\/\\\/www.mdvisions.net\\\/blog\\\/wp-content\\\/uploads\\\/2023\\\/10\\\/md-logo-1.jpg\",\"contentUrl\":\"https:\\\/\\\/www.mdvisions.net\\\/blog\\\/wp-content\\\/uploads\\\/2023\\\/10\\\/md-logo-1.jpg\",\"width\":250,\"height\":110,\"caption\":\"MD Visions\"},\"image\":{\"@id\":\"https:\\\/\\\/www.mdvisions.net\\\/blog\\\/#\\\/schema\\\/logo\\\/image\\\/\"},\"sameAs\":[\"https:\\\/\\\/www.facebook.com\\\/mdvisions\",\"https:\\\/\\\/x.com\\\/web_programer\",\"https:\\\/\\\/www.youtube.com\\\/user\\\/mdvisionsnet\"]}]}<\/script>\n<!-- \/ Yoast SEO plugin. -->","yoast_head_json":{"title":"Prestashop | MD Visions Izrada web sajtova","description":"PrestaShop je E-commerce platforma za razvoj internet prodavnice. PrestaShop je osnovan 2007. godine i trenutno postoji vi\u0161e od ...","robots":{"index":"index","follow":"follow","max-snippet":"max-snippet:-1","max-image-preview":"max-image-preview:large","max-video-preview":"max-video-preview:-1"},"canonical":"https:\/\/www.mdvisions.net\/blog\/prestashop\/","og_locale":"en_US","og_type":"article","og_title":"Prestashop | MD Visions Izrada web sajtova","og_description":"PrestaShop je E-commerce platforma za razvoj internet prodavnice. PrestaShop je osnovan 2007. godine i trenutno postoji vi\u0161e od ...","og_url":"https:\/\/www.mdvisions.net\/blog\/prestashop\/","og_site_name":"MD Visions Izrada web sajtova","article_publisher":"https:\/\/www.facebook.com\/mdvisions","article_modified_time":"2024-02-25T18:57:43+00:00","og_image":[{"url":"https:\/\/www.mdvisions.net\/blog\/wp-content\/uploads\/2023\/11\/joomlamd.jpg","type":"","width":"","height":""}],"twitter_card":"summary_large_image","twitter_site":"@web_programer","schema":{"@context":"https:\/\/schema.org","@graph":[{"@type":"WebPage","@id":"https:\/\/www.mdvisions.net\/blog\/prestashop\/","url":"https:\/\/www.mdvisions.net\/blog\/prestashop\/","name":"Prestashop | MD Visions Izrada web sajtova","isPartOf":{"@id":"https:\/\/www.mdvisions.net\/blog\/#website"},"primaryImageOfPage":{"@id":"https:\/\/www.mdvisions.net\/blog\/prestashop\/#primaryimage"},"image":{"@id":"https:\/\/www.mdvisions.net\/blog\/prestashop\/#primaryimage"},"thumbnailUrl":"https:\/\/www.mdvisions.net\/blog\/wp-content\/uploads\/2023\/11\/joomlamd.jpg","datePublished":"2023-11-04T12:34:24+00:00","dateModified":"2024-02-25T18:57:43+00:00","description":"PrestaShop je E-commerce platforma za razvoj internet prodavnice. PrestaShop je osnovan 2007. godine i trenutno postoji vi\u0161e od ...","breadcrumb":{"@id":"https:\/\/www.mdvisions.net\/blog\/prestashop\/#breadcrumb"},"inLanguage":"en-US","potentialAction":[{"@type":"ReadAction","target":["https:\/\/www.mdvisions.net\/blog\/prestashop\/"]}]},{"@type":"ImageObject","inLanguage":"en-US","@id":"https:\/\/www.mdvisions.net\/blog\/prestashop\/#primaryimage","url":"https:\/\/www.mdvisions.net\/blog\/wp-content\/uploads\/2023\/11\/joomlamd.jpg","contentUrl":"https:\/\/www.mdvisions.net\/blog\/wp-content\/uploads\/2023\/11\/joomlamd.jpg","width":150,"height":150,"caption":"joomla"},{"@type":"BreadcrumbList","@id":"https:\/\/www.mdvisions.net\/blog\/prestashop\/#breadcrumb","itemListElement":[{"@type":"ListItem","position":1,"name":"Home","item":"https:\/\/www.mdvisions.net\/blog\/"},{"@type":"ListItem","position":2,"name":"Prestashop"}]},{"@type":"WebSite","@id":"https:\/\/www.mdvisions.net\/blog\/#website","url":"https:\/\/www.mdvisions.net\/blog\/","name":"MD Visions Izrada web sajtova","description":"Izrada web sajtova","publisher":{"@id":"https:\/\/www.mdvisions.net\/blog\/#organization"},"alternateName":"Izrada web sajtova","potentialAction":[{"@type":"SearchAction","target":{"@type":"EntryPoint","urlTemplate":"https:\/\/www.mdvisions.net\/blog\/?s={search_term_string}"},"query-input":{"@type":"PropertyValueSpecification","valueRequired":true,"valueName":"search_term_string"}}],"inLanguage":"en-US"},{"@type":"Organization","@id":"https:\/\/www.mdvisions.net\/blog\/#organization","name":"MD Visions","alternateName":"Izrada web sajta","url":"https:\/\/www.mdvisions.net\/blog\/","logo":{"@type":"ImageObject","inLanguage":"en-US","@id":"https:\/\/www.mdvisions.net\/blog\/#\/schema\/logo\/image\/","url":"https:\/\/www.mdvisions.net\/blog\/wp-content\/uploads\/2023\/10\/md-logo-1.jpg","contentUrl":"https:\/\/www.mdvisions.net\/blog\/wp-content\/uploads\/2023\/10\/md-logo-1.jpg","width":250,"height":110,"caption":"MD Visions"},"image":{"@id":"https:\/\/www.mdvisions.net\/blog\/#\/schema\/logo\/image\/"},"sameAs":["https:\/\/www.facebook.com\/mdvisions","https:\/\/x.com\/web_programer","https:\/\/www.youtube.com\/user\/mdvisionsnet"]}]}},"_links":{"self":[{"href":"https:\/\/www.mdvisions.net\/blog\/wp-json\/wp\/v2\/pages\/398","targetHints":{"allow":["GET"]}}],"collection":[{"href":"https:\/\/www.mdvisions.net\/blog\/wp-json\/wp\/v2\/pages"}],"about":[{"href":"https:\/\/www.mdvisions.net\/blog\/wp-json\/wp\/v2\/types\/page"}],"author":[{"embeddable":true,"href":"https:\/\/www.mdvisions.net\/blog\/wp-json\/wp\/v2\/users\/1"}],"replies":[{"embeddable":true,"href":"https:\/\/www.mdvisions.net\/blog\/wp-json\/wp\/v2\/comments?post=398"}],"version-history":[{"count":16,"href":"https:\/\/www.mdvisions.net\/blog\/wp-json\/wp\/v2\/pages\/398\/revisions"}],"predecessor-version":[{"id":891,"href":"https:\/\/www.mdvisions.net\/blog\/wp-json\/wp\/v2\/pages\/398\/revisions\/891"}],"wp:attachment":[{"href":"https:\/\/www.mdvisions.net\/blog\/wp-json\/wp\/v2\/media?parent=398"}],"curies":[{"name":"wp","href":"https:\/\/api.w.org\/{rel}","templated":true}]}}