{"id":427,"date":"2023-11-04T17:59:55","date_gmt":"2023-11-04T17:59:55","guid":{"rendered":"https:\/\/www.mdvisions.net\/blog\/?page_id=427"},"modified":"2023-12-12T17:55:08","modified_gmt":"2023-12-12T17:55:08","slug":"seo","status":"publish","type":"page","link":"https:\/\/www.mdvisions.net\/blog\/seo\/","title":{"rendered":"Seo"},"content":{"rendered":"\n<div class=\"wp-block-group has-global-padding is-layout-constrained wp-container-core-group-is-layout-0c4d3cab wp-block-group-is-layout-constrained\" style=\"padding-top:5%;padding-right:1%;padding-bottom:1%;padding-left:1%\">\n<div class=\"wp-block-columns is-layout-flex wp-container-core-columns-is-layout-28f84493 wp-block-columns-is-layout-flex\">\n<div class=\"wp-block-column fourcol is-layout-flow wp-block-column-is-layout-flow\">\n<figure class=\"wp-block-image aligncenter size-full\"><img loading=\"lazy\" decoding=\"async\" width=\"150\" height=\"150\" src=\"https:\/\/www.mdvisions.net\/blog\/wp-content\/uploads\/2023\/11\/joomlamd.jpg\" alt=\"\" class=\"wp-image-316\"\/><\/figure>\n\n\n\n<h2 class=\"wp-block-heading has-text-align-center has-custom-md-plava-color has-text-color has-montserrat-font-family\"><strong>JOOMLA !<\/strong><\/h2>\n\n\n\n<p class=\"has-text-align-center toptxta\">Joomla, CMS &#8211; Content Menagment System (u slobodnom prevodu &#8211; sistem za upravljanje sadr\u017eajima ) je sigurno jednan od najpoznatijih open sourse aplkacija . Veliki broj nagrada i priznanja potvr\u0111uje visok kvalitet i pouzdanost ovog sistema.Joomla je aplikacija napisana \u2026<\/p>\n\n\n\n<p class=\"has-text-align-center det\"><a href=\"https:\/\/www.mdvisions.net\/blog\/joomla\/#joomla\">DETALJNIJE &#8230;<\/a><\/p>\n<\/div>\n\n\n\n<div class=\"wp-block-column fourcol is-layout-flow wp-block-column-is-layout-flow\">\n<figure class=\"wp-block-image aligncenter size-full\"><img loading=\"lazy\" decoding=\"async\" width=\"150\" height=\"150\" src=\"https:\/\/www.mdvisions.net\/blog\/wp-content\/uploads\/2023\/11\/werp.jpg\" alt=\"\" class=\"wp-image-329\"\/><\/figure>\n\n\n\n<h2 class=\"wp-block-heading has-text-align-center has-custom-md-plava-color has-text-color has-montserrat-font-family\"><strong>WordPress<\/strong><\/h2>\n\n\n\n<p class=\"has-text-align-center toptxta\">WordPress, je platforma koja se naj\u010de\u0161ce koristila za izradu blogova, ali u poslednje vreme sve \u010de\u0161\u0107e se susre\u0107emo sa WordPress \u2013om kao kompletnim open source CMS- Content Menagment System . Nastao je 2003. godine i ubrzo je postao najpopularniji blogging tool, vremenom ova zajednica se pro\u0161irivala \u2026.<\/p>\n\n\n\n<p class=\"has-text-align-center det\"><a href=\"https:\/\/www.mdvisions.net\/blog\/wordpress\/#wordpress\">DETALJNIJE &#8230;<\/a><\/p>\n<\/div>\n\n\n\n<div class=\"wp-block-column fourcol is-layout-flow wp-block-column-is-layout-flow\">\n<figure class=\"wp-block-image aligncenter size-full\"><img loading=\"lazy\" decoding=\"async\" width=\"150\" height=\"150\" src=\"https:\/\/www.mdvisions.net\/blog\/wp-content\/uploads\/2023\/11\/drupal.jpg\" alt=\"\" class=\"wp-image-330\"\/><\/figure>\n\n\n\n<h2 class=\"wp-block-heading has-text-align-center has-custom-md-plava-color has-text-color has-montserrat-font-family\"><strong>Drupal<\/strong><\/h2>\n\n\n\n<p class=\"has-text-align-center toptxta\">Drupal je open source CMS koji omogu\u0107ava brzo i jednostavno organizovanje i upravljanje sadr\u017eajima sa velikim mogu\u0107nostima pro\u0161irivanja i nadogradnje. Durpal se naj\u010de\u0111\u0107e koristi za izradu velikih i kompleksnih web site-ova . Durpal je besplatni softverski paket i za njegovu&nbsp; \u2026<\/p>\n\n\n\n<p class=\"has-text-align-center det\"><a href=\"https:\/\/www.mdvisions.net\/blog\/drupal\/#drupal\">DETALJNIJE &#8230;<\/a><\/p>\n<\/div>\n\n\n\n<div class=\"wp-block-column fourcol is-layout-flow wp-block-column-is-layout-flow\">\n<figure class=\"wp-block-image aligncenter size-full\"><img loading=\"lazy\" decoding=\"async\" width=\"150\" height=\"150\" src=\"https:\/\/www.mdvisions.net\/blog\/wp-content\/uploads\/2023\/11\/PS.jpg\" alt=\"\" class=\"wp-image-331\"\/><\/figure>\n\n\n\n<h2 class=\"wp-block-heading has-text-align-center has-custom-md-plava-color has-text-color has-montserrat-font-family\"><strong>PrestaShop<\/strong><\/h2>\n\n\n\n<p class=\"has-text-align-center toptxta\">PrestaShop je E-commerce platforma za razvoj internet prodavnice. PrestaShop je osnovan 2007. godine i trenutno postoji vi\u0161e od 250 000 internet prodavnica baziranih na ovoj platformi u svetu. Milioni programera \u0161irom sveta rade na razvoju i unapre\u0111enju ove platforme \u2026<\/p>\n\n\n\n<p class=\"has-text-align-center det\"><a href=\"https:\/\/www.mdvisions.net\/blog\/prestashop\/#prestashop\">DETALJNIJE &#8230;<\/a><\/p>\n<\/div>\n<\/div>\n<\/div>\n\n\n\n<div class=\"wp-block-group has-global-padding is-layout-constrained wp-container-core-group-is-layout-db1f1ba8 wp-block-group-is-layout-constrained\" style=\"margin-top:50px;margin-bottom:50px;padding-top:20px;padding-right:20px;padding-bottom:20px;padding-left:20px\">\n<div class=\"wp-block-columns is-layout-flex wp-container-core-columns-is-layout-28f84493 wp-block-columns-is-layout-flex\">\n<div class=\"wp-block-column is-layout-flow wp-block-column-is-layout-flow\">\n<figure class=\"wp-block-image alignleft size-full imga\"><img loading=\"lazy\" decoding=\"async\" width=\"400\" height=\"324\" src=\"https:\/\/www.mdvisions.net\/blog\/wp-content\/uploads\/2023\/11\/Seo-cms-md.jpg\" alt=\"\" class=\"wp-image-430\" srcset=\"https:\/\/www.mdvisions.net\/blog\/wp-content\/uploads\/2023\/11\/Seo-cms-md.jpg 400w, https:\/\/www.mdvisions.net\/blog\/wp-content\/uploads\/2023\/11\/Seo-cms-md-300x243.jpg 300w\" sizes=\"auto, (max-width: 400px) 100vw, 400px\" \/><\/figure>\n\n\n\n<h1 class=\"wp-block-heading has-custom-md-plava-color has-text-color\"><strong>SEO &#8211; Search Engine Optimisation &nbsp;<\/strong><\/h1>\n\n\n\n<p>SEO- Search Engine Optimisation je prilago\u0111avanje web sajta web pretra\u017eiva\u010dima kao sto su Google, Yahoo i MSN u cilju sto boljeg pozicioniranja va\u0161eg sajta . Osnovni zadatak optimizacije je pove\u0107anje ciljane pose\u0107enosti web sajta sa web pretraziva\u010da .<br><br>Poslednjih godina svi veliki pretra\u017eiva\u010di su prihvatili realnost da na internetu postoji jako puno CMS aplikacija u \u010dijim bazama podataka se nalaze informacije interesantne korisnicima interneta, i u znatnoj meri su prilagodili svoje algoritme SMC web sajtovima. Sa druge strane i programeri CMS aplikacija su razvili puno komercijalnih i besplatnih dodataka kojima se ovakvi web sajtovi dodatno prilagodavaju web pretra\u017eiva\u010dima .Sam proces optimizacije za pretra\u017eiva\u010de CMS aplikacija sastoji se od dva segmenta ON Page i OFF Page i slican je kao i kod drugih web sajtova .<br>Na kraju mo\u017eemo konstatovati da CMS aplikacije mogu biti visoko rangirane na web pretrazivacima kao i svi ostali web sajtovi.<\/p>\n<\/div>\n<\/div>\n<\/div>\n\n\n\n<div class=\"wp-block-group has-global-padding is-layout-constrained wp-block-group-is-layout-constrained\">\n<div class=\"wp-block-columns is-layout-flex wp-container-core-columns-is-layout-28f84493 wp-block-columns-is-layout-flex\">\n<div class=\"wp-block-column is-layout-flow wp-block-column-is-layout-flow\">\n<h3 class=\"wp-block-heading has-text-align-center has-custom-md-plava-color has-text-color\"><em>\u00bb ONLINE FORMULAR<\/em><\/h3>\n\n\n\n<figure class=\"wp-block-image aligncenter size-full\"><a href=\"https:\/\/www.mdvisions.net\/blog\/procena-troskova-izrade-web-sajta\/\"><img loading=\"lazy\" decoding=\"async\" width=\"130\" height=\"158\" src=\"https:\/\/www.mdvisions.net\/blog\/wp-content\/uploads\/2023\/11\/form.png\" alt=\"\" class=\"wp-image-421\"\/><\/a><\/figure>\n\n\n\n<p class=\"has-text-align-center\"><a href=\"https:\/\/www.mdvisions.net\/blog\/procena-troskova-izrade-web-sajta\/\">ONLINE FORMULAR za besplatnu procenu tro\u0161kova izrade web sajta<\/a><\/p>\n<\/div>\n\n\n\n<div class=\"wp-block-column is-layout-flow wp-block-column-is-layout-flow\">\n<h3 class=\"wp-block-heading has-text-align-center has-custom-md-plava-color has-text-color\" style=\"text-transform:uppercase\"><em>\u00bb Proces izrade web sajta<\/em><\/h3>\n\n\n\n<ul class=\"wp-block-list\">\n<li>Registracija domena i obezbe\u0111ivanje hostinga<\/li>\n\n\n\n<li>Prikupljanje, formatiranje i optimizacija materijala<\/li>\n\n\n\n<li>Definisanje ciljeva koje web sajt treba da realizuje<\/li>\n\n\n\n<li>Koncipiranje i dimenzionisanje web sajta<\/li>\n\n\n\n<li>Odabir tehnologije izrade<\/li>\n\n\n\n<li>Izrada dizajnerskog re\u0161enja<\/li>\n\n\n\n<li>Izrada programskog koda (izrada web strana)<\/li>\n\n\n\n<li>SEO- on page optimizacija web sajta za pretra\u017eiva\u010de google, yaho \u2026<\/li>\n\n\n\n<li>Mobile &amp; tablet optimizacija<\/li>\n\n\n\n<li>Cross-browser provera<\/li>\n\n\n\n<li>Up-load i testiranje web sajta<\/li>\n<\/ul>\n<\/div>\n\n\n\n<div class=\"wp-block-column is-layout-flow wp-block-column-is-layout-flow\">\n<h3 class=\"wp-block-heading has-text-align-center has-custom-md-plava-color has-text-color\" style=\"text-transform:uppercase\"><em>\u00bb \u0160ta mo\u017eete da o\u010dekujete ?<\/em><\/h3>\n\n\n\n<ul class=\"wp-block-list\">\n<li>Profesionalni Custom Design<\/li>\n\n\n\n<li>Search Engine Optimized<\/li>\n\n\n\n<li>Mobile &amp; Tablet Optimizacija<\/li>\n\n\n\n<li>Visoka Produktivnost<\/li>\n\n\n\n<li>Fleksibilnost U Radu<\/li>\n\n\n\n<li>Identity &amp; Brand Dizajn<\/li>\n\n\n\n<li>Visok Kvalitet Po Povoljnim Cenama<\/li>\n\n\n\n<li>Kompatibilnost Sa Browser-ima<\/li>\n\n\n\n<li>Content Management System<\/li>\n<\/ul>\n<\/div>\n<\/div>\n<\/div>\n\n\n\n<div class=\"wp-block-group has-global-padding is-layout-constrained wp-container-core-group-is-layout-c614757f wp-block-group-is-layout-constrained\" style=\"margin-top:70px;margin-bottom:30px;padding-top:20px;padding-right:20px;padding-bottom:20px;padding-left:20px\">\n<div class=\"wp-block-columns is-layout-flex wp-container-core-columns-is-layout-28f84493 wp-block-columns-is-layout-flex\">\n<div class=\"wp-block-column is-layout-flow wp-block-column-is-layout-flow\">\n<h3 class=\"wp-block-heading has-text-align-center\">Izrada web sajta &#8211; vi\u0161e od 20 godina iskustva<\/h3>\n\n\n\n<p>Dejan Mitrovi\u0107 se vi\u0161e od 20 godina profesionalno bavi web dizajnom i web programiranjem ( izradom web sajtova). U svojoj profesionalnoj karijeri radio je na vi\u0161e od 1000 web prezentacija za doma\u0107e i strane kompanije. Radom u \u0161kolama i aktivnostima na forumima trudi se da svoje znanje i iskustvo prenese \u0161to \u0161irem krugu mla\u0111ih web dizajnera i programera. U svom svakodnevnom radu koristi najmoderniji software bilo da se radi o dizajnu, programiranju ili izradi animacija.<br>Posebnu pa\u017enju posve\u0107uje SE-optimizaciji (\u0161to boljem pozicioniranju web prezentacija na web pretraziva\u010dima) kao i internet marketingu. Pored izrada web site-ova bavi se i izradom multimedijalnih CD\/DVD prezentacija, grafi\u010dkim dizajnom i izradom relacionih baza podataka. Dejan trenutno radi kao freelancer.<\/p>\n<\/div>\n\n\n\n<div class=\"wp-block-column is-layout-flow wp-block-column-is-layout-flow\">\n<figure class=\"wp-block-image aligncenter size-full\"><img loading=\"lazy\" decoding=\"async\" width=\"460\" height=\"334\" src=\"https:\/\/www.mdvisions.net\/blog\/wp-content\/uploads\/2023\/11\/web-dizajn-responsive-cms.jpg\" alt=\"\" class=\"wp-image-418\" srcset=\"https:\/\/www.mdvisions.net\/blog\/wp-content\/uploads\/2023\/11\/web-dizajn-responsive-cms.jpg 460w, https:\/\/www.mdvisions.net\/blog\/wp-content\/uploads\/2023\/11\/web-dizajn-responsive-cms-300x218.jpg 300w\" sizes=\"auto, (max-width: 460px) 100vw, 460px\" \/><\/figure>\n<\/div>\n<\/div>\n<\/div>\n","protected":false},"excerpt":{"rendered":"<p>JOOMLA ! Joomla, CMS &#8211; Content Menagment System (u slobodnom prevodu &#8211; sistem za upravljanje sadr\u017eajima ) je sigurno jednan od najpoznatijih open sourse aplkacija . Veliki broj nagrada i priznanja potvr\u0111uje visok kvalitet i pouzdanost ovog sistema.Joomla je aplikacija napisana \u2026 DETALJNIJE &#8230; WordPress WordPress, je platforma koja se naj\u010de\u0161ce koristila za izradu blogova, [&hellip;]<\/p>\n","protected":false},"author":1,"featured_media":0,"parent":0,"menu_order":0,"comment_status":"closed","ping_status":"closed","template":"","meta":{"footnotes":""},"class_list":["post-427","page","type-page","status-publish","hentry"],"yoast_head":"<!-- This site is optimized with the Yoast SEO plugin v27.4 - https:\/\/yoast.com\/product\/yoast-seo-wordpress\/ -->\n<title>Seo | MD Visions Izrada web sajtova<\/title>\n<meta name=\"description\" content=\"Seo MD Visions Izrada web sajtova |\" \/>\n<meta name=\"robots\" content=\"index, follow, max-snippet:-1, max-image-preview:large, max-video-preview:-1\" \/>\n<link rel=\"canonical\" href=\"https:\/\/www.mdvisions.net\/blog\/seo\/\" \/>\n<meta property=\"og:locale\" content=\"en_US\" \/>\n<meta property=\"og:type\" content=\"article\" \/>\n<meta property=\"og:title\" content=\"Seo | MD Visions Izrada web sajtova\" \/>\n<meta property=\"og:description\" content=\"Seo MD Visions Izrada web sajtova |\" \/>\n<meta property=\"og:url\" content=\"https:\/\/www.mdvisions.net\/blog\/seo\/\" \/>\n<meta property=\"og:site_name\" content=\"MD Visions Izrada web sajtova\" \/>\n<meta property=\"article:publisher\" content=\"https:\/\/www.facebook.com\/mdvisions\" \/>\n<meta property=\"article:modified_time\" content=\"2023-12-12T17:55:08+00:00\" \/>\n<meta property=\"og:image\" content=\"https:\/\/www.mdvisions.net\/blog\/wp-content\/uploads\/2023\/11\/joomlamd.jpg\" \/>\n<meta name=\"twitter:card\" content=\"summary_large_image\" \/>\n<meta name=\"twitter:site\" content=\"@web_programer\" \/>\n<script type=\"application\/ld+json\" class=\"yoast-schema-graph\">{\"@context\":\"https:\\\/\\\/schema.org\",\"@graph\":[{\"@type\":\"WebPage\",\"@id\":\"https:\\\/\\\/www.mdvisions.net\\\/blog\\\/seo\\\/\",\"url\":\"https:\\\/\\\/www.mdvisions.net\\\/blog\\\/seo\\\/\",\"name\":\"Seo | MD Visions Izrada web sajtova\",\"isPartOf\":{\"@id\":\"https:\\\/\\\/www.mdvisions.net\\\/blog\\\/#website\"},\"primaryImageOfPage\":{\"@id\":\"https:\\\/\\\/www.mdvisions.net\\\/blog\\\/seo\\\/#primaryimage\"},\"image\":{\"@id\":\"https:\\\/\\\/www.mdvisions.net\\\/blog\\\/seo\\\/#primaryimage\"},\"thumbnailUrl\":\"https:\\\/\\\/www.mdvisions.net\\\/blog\\\/wp-content\\\/uploads\\\/2023\\\/11\\\/joomlamd.jpg\",\"datePublished\":\"2023-11-04T17:59:55+00:00\",\"dateModified\":\"2023-12-12T17:55:08+00:00\",\"description\":\"Seo MD Visions Izrada web sajtova |\",\"breadcrumb\":{\"@id\":\"https:\\\/\\\/www.mdvisions.net\\\/blog\\\/seo\\\/#breadcrumb\"},\"inLanguage\":\"en-US\",\"potentialAction\":[{\"@type\":\"ReadAction\",\"target\":[\"https:\\\/\\\/www.mdvisions.net\\\/blog\\\/seo\\\/\"]}]},{\"@type\":\"ImageObject\",\"inLanguage\":\"en-US\",\"@id\":\"https:\\\/\\\/www.mdvisions.net\\\/blog\\\/seo\\\/#primaryimage\",\"url\":\"https:\\\/\\\/www.mdvisions.net\\\/blog\\\/wp-content\\\/uploads\\\/2023\\\/11\\\/joomlamd.jpg\",\"contentUrl\":\"https:\\\/\\\/www.mdvisions.net\\\/blog\\\/wp-content\\\/uploads\\\/2023\\\/11\\\/joomlamd.jpg\",\"width\":150,\"height\":150,\"caption\":\"joomla\"},{\"@type\":\"BreadcrumbList\",\"@id\":\"https:\\\/\\\/www.mdvisions.net\\\/blog\\\/seo\\\/#breadcrumb\",\"itemListElement\":[{\"@type\":\"ListItem\",\"position\":1,\"name\":\"Home\",\"item\":\"https:\\\/\\\/www.mdvisions.net\\\/blog\\\/\"},{\"@type\":\"ListItem\",\"position\":2,\"name\":\"Seo\"}]},{\"@type\":\"WebSite\",\"@id\":\"https:\\\/\\\/www.mdvisions.net\\\/blog\\\/#website\",\"url\":\"https:\\\/\\\/www.mdvisions.net\\\/blog\\\/\",\"name\":\"MD Visions Izrada web sajtova\",\"description\":\"Izrada web sajtova\",\"publisher\":{\"@id\":\"https:\\\/\\\/www.mdvisions.net\\\/blog\\\/#organization\"},\"alternateName\":\"Izrada web sajtova\",\"potentialAction\":[{\"@type\":\"SearchAction\",\"target\":{\"@type\":\"EntryPoint\",\"urlTemplate\":\"https:\\\/\\\/www.mdvisions.net\\\/blog\\\/?s={search_term_string}\"},\"query-input\":{\"@type\":\"PropertyValueSpecification\",\"valueRequired\":true,\"valueName\":\"search_term_string\"}}],\"inLanguage\":\"en-US\"},{\"@type\":\"Organization\",\"@id\":\"https:\\\/\\\/www.mdvisions.net\\\/blog\\\/#organization\",\"name\":\"MD Visions\",\"alternateName\":\"Izrada web sajta\",\"url\":\"https:\\\/\\\/www.mdvisions.net\\\/blog\\\/\",\"logo\":{\"@type\":\"ImageObject\",\"inLanguage\":\"en-US\",\"@id\":\"https:\\\/\\\/www.mdvisions.net\\\/blog\\\/#\\\/schema\\\/logo\\\/image\\\/\",\"url\":\"https:\\\/\\\/www.mdvisions.net\\\/blog\\\/wp-content\\\/uploads\\\/2023\\\/10\\\/md-logo-1.jpg\",\"contentUrl\":\"https:\\\/\\\/www.mdvisions.net\\\/blog\\\/wp-content\\\/uploads\\\/2023\\\/10\\\/md-logo-1.jpg\",\"width\":250,\"height\":110,\"caption\":\"MD Visions\"},\"image\":{\"@id\":\"https:\\\/\\\/www.mdvisions.net\\\/blog\\\/#\\\/schema\\\/logo\\\/image\\\/\"},\"sameAs\":[\"https:\\\/\\\/www.facebook.com\\\/mdvisions\",\"https:\\\/\\\/x.com\\\/web_programer\",\"https:\\\/\\\/www.youtube.com\\\/user\\\/mdvisionsnet\"]}]}<\/script>\n<!-- \/ Yoast SEO plugin. -->","yoast_head_json":{"title":"Seo | MD Visions Izrada web sajtova","description":"Seo MD Visions Izrada web sajtova |","robots":{"index":"index","follow":"follow","max-snippet":"max-snippet:-1","max-image-preview":"max-image-preview:large","max-video-preview":"max-video-preview:-1"},"canonical":"https:\/\/www.mdvisions.net\/blog\/seo\/","og_locale":"en_US","og_type":"article","og_title":"Seo | MD Visions Izrada web sajtova","og_description":"Seo MD Visions Izrada web sajtova |","og_url":"https:\/\/www.mdvisions.net\/blog\/seo\/","og_site_name":"MD Visions Izrada web sajtova","article_publisher":"https:\/\/www.facebook.com\/mdvisions","article_modified_time":"2023-12-12T17:55:08+00:00","og_image":[{"url":"https:\/\/www.mdvisions.net\/blog\/wp-content\/uploads\/2023\/11\/joomlamd.jpg","type":"","width":"","height":""}],"twitter_card":"summary_large_image","twitter_site":"@web_programer","schema":{"@context":"https:\/\/schema.org","@graph":[{"@type":"WebPage","@id":"https:\/\/www.mdvisions.net\/blog\/seo\/","url":"https:\/\/www.mdvisions.net\/blog\/seo\/","name":"Seo | MD Visions Izrada web sajtova","isPartOf":{"@id":"https:\/\/www.mdvisions.net\/blog\/#website"},"primaryImageOfPage":{"@id":"https:\/\/www.mdvisions.net\/blog\/seo\/#primaryimage"},"image":{"@id":"https:\/\/www.mdvisions.net\/blog\/seo\/#primaryimage"},"thumbnailUrl":"https:\/\/www.mdvisions.net\/blog\/wp-content\/uploads\/2023\/11\/joomlamd.jpg","datePublished":"2023-11-04T17:59:55+00:00","dateModified":"2023-12-12T17:55:08+00:00","description":"Seo MD Visions Izrada web sajtova |","breadcrumb":{"@id":"https:\/\/www.mdvisions.net\/blog\/seo\/#breadcrumb"},"inLanguage":"en-US","potentialAction":[{"@type":"ReadAction","target":["https:\/\/www.mdvisions.net\/blog\/seo\/"]}]},{"@type":"ImageObject","inLanguage":"en-US","@id":"https:\/\/www.mdvisions.net\/blog\/seo\/#primaryimage","url":"https:\/\/www.mdvisions.net\/blog\/wp-content\/uploads\/2023\/11\/joomlamd.jpg","contentUrl":"https:\/\/www.mdvisions.net\/blog\/wp-content\/uploads\/2023\/11\/joomlamd.jpg","width":150,"height":150,"caption":"joomla"},{"@type":"BreadcrumbList","@id":"https:\/\/www.mdvisions.net\/blog\/seo\/#breadcrumb","itemListElement":[{"@type":"ListItem","position":1,"name":"Home","item":"https:\/\/www.mdvisions.net\/blog\/"},{"@type":"ListItem","position":2,"name":"Seo"}]},{"@type":"WebSite","@id":"https:\/\/www.mdvisions.net\/blog\/#website","url":"https:\/\/www.mdvisions.net\/blog\/","name":"MD Visions Izrada web sajtova","description":"Izrada web sajtova","publisher":{"@id":"https:\/\/www.mdvisions.net\/blog\/#organization"},"alternateName":"Izrada web sajtova","potentialAction":[{"@type":"SearchAction","target":{"@type":"EntryPoint","urlTemplate":"https:\/\/www.mdvisions.net\/blog\/?s={search_term_string}"},"query-input":{"@type":"PropertyValueSpecification","valueRequired":true,"valueName":"search_term_string"}}],"inLanguage":"en-US"},{"@type":"Organization","@id":"https:\/\/www.mdvisions.net\/blog\/#organization","name":"MD Visions","alternateName":"Izrada web sajta","url":"https:\/\/www.mdvisions.net\/blog\/","logo":{"@type":"ImageObject","inLanguage":"en-US","@id":"https:\/\/www.mdvisions.net\/blog\/#\/schema\/logo\/image\/","url":"https:\/\/www.mdvisions.net\/blog\/wp-content\/uploads\/2023\/10\/md-logo-1.jpg","contentUrl":"https:\/\/www.mdvisions.net\/blog\/wp-content\/uploads\/2023\/10\/md-logo-1.jpg","width":250,"height":110,"caption":"MD Visions"},"image":{"@id":"https:\/\/www.mdvisions.net\/blog\/#\/schema\/logo\/image\/"},"sameAs":["https:\/\/www.facebook.com\/mdvisions","https:\/\/x.com\/web_programer","https:\/\/www.youtube.com\/user\/mdvisionsnet"]}]}},"_links":{"self":[{"href":"https:\/\/www.mdvisions.net\/blog\/wp-json\/wp\/v2\/pages\/427","targetHints":{"allow":["GET"]}}],"collection":[{"href":"https:\/\/www.mdvisions.net\/blog\/wp-json\/wp\/v2\/pages"}],"about":[{"href":"https:\/\/www.mdvisions.net\/blog\/wp-json\/wp\/v2\/types\/page"}],"author":[{"embeddable":true,"href":"https:\/\/www.mdvisions.net\/blog\/wp-json\/wp\/v2\/users\/1"}],"replies":[{"embeddable":true,"href":"https:\/\/www.mdvisions.net\/blog\/wp-json\/wp\/v2\/comments?post=427"}],"version-history":[{"count":11,"href":"https:\/\/www.mdvisions.net\/blog\/wp-json\/wp\/v2\/pages\/427\/revisions"}],"predecessor-version":[{"id":915,"href":"https:\/\/www.mdvisions.net\/blog\/wp-json\/wp\/v2\/pages\/427\/revisions\/915"}],"wp:attachment":[{"href":"https:\/\/www.mdvisions.net\/blog\/wp-json\/wp\/v2\/media?parent=427"}],"curies":[{"name":"wp","href":"https:\/\/api.w.org\/{rel}","templated":true}]}}